{"id":8,"date":"2017-02-07T14:08:29","date_gmt":"2017-02-07T14:08:29","guid":{"rendered":"http:\/\/www.en.geckoshostel.com\/wp\/?page_id=8"},"modified":"2023-09-07T16:33:51","modified_gmt":"2023-09-07T16:33:51","slug":"services","status":"publish","type":"page","link":"https:\/\/geckoshostel.com\/en\/services\/","title":{"rendered":"Services"},"content":{"rendered":"<p>[et_pb_section fb_built=&#8221;1&#8243; fullwidth=&#8221;on&#8221; _builder_version=&#8221;4.16&#8243; global_colors_info=&#8221;{}&#8221;][et_pb_fullwidth_header title=&#8221;Services&#8221; subhead=&#8221;Discover the services provided by Geckos Hostel&#8221; text_orientation=&#8221;center&#8221; title_font_color=&#8221;#ffffff&#8221; _builder_version=&#8221;4.16&#8243; title_text_color=&#8221;#ffffff&#8221; title_font_size=&#8221;50px&#8221; subhead_font_size=&#8221;20px&#8221; background_color=&#8221;rgba(255, 255, 255, 0)&#8221; background_image=&#8221;https:\/\/geckoshostel.com\/en\/wp-content\/uploads\/sites\/3\/2017\/02\/DSC4341.jpg&#8221; background_url=&#8221;https:\/\/geckoshostel.com\/en\/wp-content\/uploads\/sites\/3\/2017\/02\/DSC4341.jpg&#8221; global_colors_info=&#8221;{}&#8221; button_one_text_size__hover_enabled=&#8221;off&#8221; button_two_text_size__hover_enabled=&#8221;off&#8221; button_one_text_color__hover_enabled=&#8221;off&#8221; button_two_text_color__hover_enabled=&#8221;off&#8221; button_one_border_width__hover_enabled=&#8221;off&#8221; button_two_border_width__hover_enabled=&#8221;off&#8221; button_one_border_color__hover_enabled=&#8221;off&#8221; button_two_border_color__hover_enabled=&#8221;off&#8221; button_one_border_radius__hover_enabled=&#8221;off&#8221; button_two_border_radius__hover_enabled=&#8221;off&#8221; button_one_letter_spacing__hover_enabled=&#8221;off&#8221; button_two_letter_spacing__hover_enabled=&#8221;off&#8221; button_one_bg_color__hover_enabled=&#8221;off&#8221; button_two_bg_color__hover_enabled=&#8221;off&#8221;][\/et_pb_fullwidth_header][\/et_pb_section][et_pb_section fb_built=&#8221;1&#8243; _builder_version=&#8221;4.16&#8243; global_colors_info=&#8221;{}&#8221;][et_pb_row _builder_version=&#8221;4.22.1&#8243; background_size=&#8221;initial&#8221; background_position=&#8221;top_left&#8221; background_repeat=&#8221;repeat&#8221; hover_enabled=&#8221;0&#8243; global_colors_info=&#8221;{}&#8221; sticky_enabled=&#8221;0&#8243;][et_pb_column type=&#8221;4_4&#8243; _builder_version=&#8221;4.16&#8243; custom_padding=&#8221;|||&#8221; global_colors_info=&#8221;{}&#8221; custom_padding__hover=&#8221;|||&#8221;][et_pb_text _builder_version=&#8221;4.16&#8243; background_size=&#8221;initial&#8221; background_position=&#8221;top_left&#8221; background_repeat=&#8221;repeat&#8221; global_colors_info=&#8221;{}&#8221; custom_padding=&#8221;0px|||||&#8221;]<\/p>\n<h1><strong>Services included in our daily rate:\u00a0<\/strong><\/h1>\n<p class=\"p1\">\u2013 Wi-Fi in common areas and rooms<\/p>\n<p class=\"p1\">\u2013 Bedding (sheet, duvet, pillow, pillowcase, blanket)<\/p>\n<p class=\"p1\">\u2013 Smart TV, with all the biggest sporting events in the world and movie channels<\/p>\n<p class=\"p1\">\u2013 Use of the pool<\/p>\n<p class=\"p1\">\u2013 Use of fully equipped shared kitchen<\/p>\n<p class=\"p1\">\u2013 Use of the barbecue<\/p>\n<p class=\"p1\">\u2013 Use of the locker with security lock in the rooms (you need to bring your own padlock or <span style=\"font-size: 14px;\">can buy from us)<\/span><\/p>\n<p class=\"p1\">\u2013 Body board, frescobal, beach games and soccer balls, volleyball, rugby<\/p>\n<p class=\"p1\">\u2013 Pool table and ping pong, table games<\/p>\n<p class=\"p1\">\u2013 We lend items such as iron, hairdryer, ironing boards<\/p>\n<p>[\/et_pb_text][et_pb_text _builder_version=&#8221;4.22.1&#8243; background_size=&#8221;initial&#8221; background_position=&#8221;top_left&#8221; background_repeat=&#8221;repeat&#8221; hover_enabled=&#8221;0&#8243; global_colors_info=&#8221;{}&#8221; sticky_enabled=&#8221;0&#8243;]<\/p>\n<h1><strong>Services included in our daily rate:\u00a0<\/strong><\/h1>\n<p class=\"p1\">\u2013 Caf\u00e9 da manh\u00e3 a l\u00e1 carte<\/p>\n<p class=\"p1\">\u2013 Churrasco, pizzas e jantares tem\u00e1ticos<\/p>\n<p class=\"p1\">\u2013 Servi\u00e7o de lavanderia<\/p>\n<p class=\"p1\">\u2013 Aluguel de toalha e venda de cadeados<\/p>\n<p class=\"p1\">\u2013 Servi\u00e7o de bar (diversas op\u00e7\u00f5es de cervejas nacionais, artesanais e importadas, drinks nacionais e\u00a0 internacionais, destilados, espumantes e vinhos nacionais e importados)<\/p>\n<p class=\"p1\">\u2013 Aluguel de caiaque, motos e bicicletas<\/p>\n<p class=\"p1\">\u2013 Aulas de surf, kite surf, stand up paddle<\/p>\n<p class=\"p1\">\u2013 Mergulho, rafting, arvorismo, rapel, voo de parapente, passeios terrestres e de barco para<\/p>\n<p class=\"p1\">todos os melhores lugares da ilha e do continente<\/p>\n<p class=\"p1\">\u2013 Ingressos com desconto para as melhores festas da regi\u00e3o<\/p>\n<ul><\/ul>\n<p>[\/et_pb_text][\/et_pb_column][\/et_pb_row][\/et_pb_section]<\/p>\n","protected":false},"excerpt":{"rendered":"<p>Services included in our daily rate:\u00a0 \u2013 Wi-Fi in common areas and rooms \u2013 Bedding (sheet, duvet, pillow, pillowcase, blanket) \u2013 Smart TV, with all the biggest sporting events in the world and movie channels \u2013 Use of the pool \u2013 Use of fully equipped shared kitchen \u2013 Use of the barbecue \u2013 Use of [&hellip;]<\/p>\n","protected":false},"author":1,"featured_media":0,"parent":0,"menu_order":1,"comment_status":"closed","ping_status":"closed","template":"","meta":{"_et_pb_use_builder":"on","_et_pb_old_content":"","_et_gb_content_width":"","footnotes":""},"class_list":["post-8","page","type-page","status-publish","hentry"],"_links":{"self":[{"href":"https:\/\/geckoshostel.com\/en\/wp-json\/wp\/v2\/pages\/8","targetHints":{"allow":["GET"]}}],"collection":[{"href":"https:\/\/geckoshostel.com\/en\/wp-json\/wp\/v2\/pages"}],"about":[{"href":"https:\/\/geckoshostel.com\/en\/wp-json\/wp\/v2\/types\/page"}],"author":[{"embeddable":true,"href":"https:\/\/geckoshostel.com\/en\/wp-json\/wp\/v2\/users\/1"}],"replies":[{"embeddable":true,"href":"https:\/\/geckoshostel.com\/en\/wp-json\/wp\/v2\/comments?post=8"}],"version-history":[{"count":47,"href":"https:\/\/geckoshostel.com\/en\/wp-json\/wp\/v2\/pages\/8\/revisions"}],"predecessor-version":[{"id":7084,"href":"https:\/\/geckoshostel.com\/en\/wp-json\/wp\/v2\/pages\/8\/revisions\/7084"}],"wp:attachment":[{"href":"https:\/\/geckoshostel.com\/en\/wp-json\/wp\/v2\/media?parent=8"}],"curies":[{"name":"wp","href":"https:\/\/api.w.org\/{rel}","templated":true}]}}