{"id":6377,"date":"2017-03-14T22:38:36","date_gmt":"2017-03-14T22:38:36","guid":{"rendered":"http:\/\/en.geckoshostel.com\/?page_id=6377"},"modified":"2023-09-07T15:32:13","modified_gmt":"2023-09-07T15:32:13","slug":"about-us","status":"publish","type":"page","link":"https:\/\/geckoshostel.com\/en\/about-us\/","title":{"rendered":"About Us"},"content":{"rendered":"<p>[et_pb_section fb_built=&#8221;1&#8243; fullwidth=&#8221;on&#8221; _builder_version=&#8221;4.16&#8243; global_colors_info=&#8221;{}&#8221;][et_pb_fullwidth_header title=&#8221;About us&#8221; text_orientation=&#8221;center&#8221; content_max_width=&#8221;none&#8221; title_font_color=&#8221;#ffffff&#8221; _builder_version=&#8221;4.16&#8243; title_text_color=&#8221;#ffffff&#8221; title_font_size=&#8221;50px&#8221; subhead_font_size=&#8221;20px&#8221; background_color=&#8221;rgba(255, 255, 255, 0)&#8221; background_image=&#8221;http:\/\/geckoshostel.com\/en\/wp-content\/uploads\/sites\/3\/2017\/02\/DSC4341.jpg&#8221; background_url=&#8221;http:\/\/geckoshostel.com\/en\/wp-content\/uploads\/sites\/3\/2017\/02\/DSC4341.jpg&#8221; saved_tabs=&#8221;all&#8221; global_colors_info=&#8221;{}&#8221; button_one_text_size__hover_enabled=&#8221;off&#8221; button_two_text_size__hover_enabled=&#8221;off&#8221; button_one_text_color__hover_enabled=&#8221;off&#8221; button_two_text_color__hover_enabled=&#8221;off&#8221; button_one_border_width__hover_enabled=&#8221;off&#8221; button_two_border_width__hover_enabled=&#8221;off&#8221; button_one_border_color__hover_enabled=&#8221;off&#8221; button_two_border_color__hover_enabled=&#8221;off&#8221; button_one_border_radius__hover_enabled=&#8221;off&#8221; button_two_border_radius__hover_enabled=&#8221;off&#8221; button_one_letter_spacing__hover_enabled=&#8221;off&#8221; button_two_letter_spacing__hover_enabled=&#8221;off&#8221; button_one_bg_color__hover_enabled=&#8221;off&#8221; button_two_bg_color__hover_enabled=&#8221;off&#8221;][\/et_pb_fullwidth_header][\/et_pb_section][et_pb_section fb_built=&#8221;1&#8243; _builder_version=&#8221;4.16&#8243; global_colors_info=&#8221;{}&#8221;][et_pb_row _builder_version=&#8221;4.16&#8243; background_size=&#8221;initial&#8221; background_position=&#8221;top_left&#8221; background_repeat=&#8221;repeat&#8221; global_colors_info=&#8221;{}&#8221;][et_pb_column type=&#8221;4_4&#8243; _builder_version=&#8221;4.16&#8243; custom_padding=&#8221;|||&#8221; global_colors_info=&#8221;{}&#8221; custom_padding__hover=&#8221;|||&#8221;][et_pb_text _builder_version=&#8221;4.16&#8243; background_size=&#8221;initial&#8221; background_position=&#8221;top_left&#8221; background_repeat=&#8221;repeat&#8221; global_colors_info=&#8221;{}&#8221;]<\/p>\n<p class=\"p1\">Geckos Hostel was born in 2013 thanks to the idea of \u200b\u200b2 backpackers, Rossa, Irish and Max, Italian, who, during an itinerant trip through South America, met in Florian\u00f3polis. Enchanted by the beauties of the island of magic, they decided to settle in Lagoa da Concei\u00e7\u00e3o, to fulfill their dream, to create a Hostel, after having stayed in more than 60 countries around the world, living intense and incredible experiences.<\/p>\n<p class=\"p1\">Geckos Hostel is the ideal international home for cool young backpackers, travel, fun and adventure enthusiasts. Here you will find comfortable rooms, experienced and professional service in 5 languages, a beautiful sunny pool, bar with games room and spacious and welcoming common areas, which will make your stay in Florian\u00f3polis an unforgettable experience.<\/p>\n<p>[\/et_pb_text][et_pb_text _builder_version=&#8221;4.16&#8243; background_size=&#8221;initial&#8221; background_position=&#8221;top_left&#8221; background_repeat=&#8221;repeat&#8221; global_colors_info=&#8221;{}&#8221;]<\/p>\n<h1>Max<\/h1>\n<p>[\/et_pb_text][et_pb_image src=&#8221;http:\/\/geckoshostel.com\/en\/wp-content\/uploads\/sites\/3\/2017\/03\/image6.jpeg&#8221; align_tablet=&#8221;center&#8221; align_last_edited=&#8221;on|desktop&#8221; _builder_version=&#8221;4.16&#8243; max_width_tablet=&#8221;50%&#8221; max_width_phone=&#8221;80%&#8221; max_width_last_edited=&#8221;off|desktop&#8221; animation=&#8221;off&#8221; global_colors_info=&#8221;{}&#8221; align_phone=&#8221;center&#8221;][\/et_pb_image][et_pb_text _builder_version=&#8221;4.16&#8243; background_size=&#8221;initial&#8221; background_position=&#8221;top_left&#8221; background_repeat=&#8221;repeat&#8221; global_colors_info=&#8221;{}&#8221;]<\/p>\n<h1>Rossa<\/h1>\n<p>[\/et_pb_text][et_pb_image src=&#8221;http:\/\/geckoshostel.com\/en\/wp-content\/uploads\/sites\/3\/2017\/03\/image2.jpeg&#8221; align_tablet=&#8221;center&#8221; align_last_edited=&#8221;on|desktop&#8221; _builder_version=&#8221;4.16&#8243; max_width_tablet=&#8221;50%&#8221; max_width_phone=&#8221;80%&#8221; max_width_last_edited=&#8221;off|desktop&#8221; animation=&#8221;off&#8221; global_colors_info=&#8221;{}&#8221; align_phone=&#8221;center&#8221;][\/et_pb_image][\/et_pb_column][\/et_pb_row][\/et_pb_section]<\/p>\n","protected":false},"excerpt":{"rendered":"<p>Geckos Hostel was born in 2013 thanks to the idea of \u200b\u200b2 backpackers, Rossa, Irish and Max, Italian, who, during an itinerant trip through South America, met in Florian\u00f3polis. Enchanted by the beauties of the island of magic, they decided to settle in Lagoa da Concei\u00e7\u00e3o, to fulfill their dream, to create a Hostel, after [&hellip;]<\/p>\n","protected":false},"author":1,"featured_media":0,"parent":0,"menu_order":0,"comment_status":"closed","ping_status":"closed","template":"","meta":{"_et_pb_use_builder":"on","_et_pb_old_content":"","_et_gb_content_width":"","footnotes":""},"class_list":["post-6377","page","type-page","status-publish","hentry"],"_links":{"self":[{"href":"https:\/\/geckoshostel.com\/en\/wp-json\/wp\/v2\/pages\/6377","targetHints":{"allow":["GET"]}}],"collection":[{"href":"https:\/\/geckoshostel.com\/en\/wp-json\/wp\/v2\/pages"}],"about":[{"href":"https:\/\/geckoshostel.com\/en\/wp-json\/wp\/v2\/types\/page"}],"author":[{"embeddable":true,"href":"https:\/\/geckoshostel.com\/en\/wp-json\/wp\/v2\/users\/1"}],"replies":[{"embeddable":true,"href":"https:\/\/geckoshostel.com\/en\/wp-json\/wp\/v2\/comments?post=6377"}],"version-history":[{"count":15,"href":"https:\/\/geckoshostel.com\/en\/wp-json\/wp\/v2\/pages\/6377\/revisions"}],"predecessor-version":[{"id":7082,"href":"https:\/\/geckoshostel.com\/en\/wp-json\/wp\/v2\/pages\/6377\/revisions\/7082"}],"wp:attachment":[{"href":"https:\/\/geckoshostel.com\/en\/wp-json\/wp\/v2\/media?parent=6377"}],"curies":[{"name":"wp","href":"https:\/\/api.w.org\/{rel}","templated":true}]}}